{"id":345,"date":"2024-10-11T14:09:39","date_gmt":"2024-10-11T14:09:39","guid":{"rendered":"https:\/\/www.gospel-chorisma.de\/?page_id=345"},"modified":"2024-12-10T15:48:44","modified_gmt":"2024-12-10T15:48:44","slug":"auftritt-in-ettenbuehl","status":"publish","type":"page","link":"https:\/\/www.gospel-chorisma.de\/?page_id=345","title":{"rendered":"Konzert am 8. Dezember 2024"},"content":{"rendered":"<p>[et_pb_section fb_built=&#8220;1&#8243; _builder_version=&#8220;4.27.2&#8243; _module_preset=&#8220;default&#8220; da_disable_devices=&#8220;off|off|off&#8220; global_colors_info=&#8220;{}&#8220; da_is_popup=&#8220;off&#8220; da_exit_intent=&#8220;off&#8220; da_has_close=&#8220;on&#8220; da_alt_close=&#8220;off&#8220; da_dark_close=&#8220;off&#8220; da_not_modal=&#8220;on&#8220; da_is_singular=&#8220;off&#8220; da_with_loader=&#8220;off&#8220; da_has_shadow=&#8220;on&#8220;][et_pb_row _builder_version=&#8220;4.27.2&#8243; _module_preset=&#8220;default&#8220; custom_padding=&#8220;||3px|||&#8220; global_colors_info=&#8220;{}&#8220;][et_pb_column type=&#8220;4_4&#8243; _builder_version=&#8220;4.27.2&#8243; _module_preset=&#8220;default&#8220; global_colors_info=&#8220;{}&#8220;][et_pb_heading title=&#8220;Ein sch\u00f6ner Abend!&#8220; _builder_version=&#8220;4.27.4&#8243; _module_preset=&#8220;default&#8220; title_font=&#8220;Bellefair||||||||&#8220; title_font_size=&#8220;80px&#8220; global_colors_info=&#8220;{}&#8220; hover_enabled=&#8220;0&#8243; sticky_enabled=&#8220;0&#8243;][\/et_pb_heading][et_pb_text _builder_version=&#8220;4.27.4&#8243; _module_preset=&#8220;default&#8220; min_height=&#8220;250.4px&#8220; hover_enabled=&#8220;0&#8243; global_colors_info=&#8220;{}&#8220; sticky_enabled=&#8220;0&#8243;]<\/p>\n<p>Was f\u00fcr ein Konzert! Unser Auftritt in der Friedenskirche am 8. Dezember bei einer gut gef\u00fcllten Kirche war sehr gelungen. Mit viel Gef\u00fchl und guter Stimmung (im wahrsten Sinne des Wortes) haben wir ein sehr abwechslungsreiches Repertoire pr\u00e4sentiert. Belohnt wurden wir mit der Forderung des Publikums nach mehreren Zugaben und mit stehendem Applaus.<\/p>\n<p>Originalton unseres Dirigenten Heinz Breiniger: &#8222;Ihr wart in Bestform!&#8220;<\/p>\n<p>Im Mittelteil traten als unsere G\u00e4ste die HEINZBOYS auf, die zusammen mit S\u00e4ngerdirigent Heinz Breiniger mit\u00a0 anspruchsvollen Liedern \u00fcberzeugen konnten<\/p>\n<p>Durch das Programm f\u00fchrte sehr professionell unsere Conny, die mit einem\u00a0 Augenzwinkern auf jede Situation eingegangen ist. Toll, Conny, vielen Dank.<\/p>\n<p>Beim anschlie\u00dfenden Ap\u00e9ro wurde sich bei einem Gl\u00e4schen Sekt und feinem Speckgugelhupf sehr angeregt unterhalten.<\/p>\n<p>Rundherum also ein sehr gelunger Abend.<\/p>\n<p>[\/et_pb_text][\/et_pb_column][\/et_pb_row][et_pb_row _builder_version=&#8220;4.27.2&#8243; _module_preset=&#8220;default&#8220; global_colors_info=&#8220;{}&#8220;][et_pb_column type=&#8220;4_4&#8243; _builder_version=&#8220;4.27.2&#8243; _module_preset=&#8220;default&#8220; global_colors_info=&#8220;{}&#8220;][et_pb_gallery gallery_ids=&#8220;363,364,365,366,367&#8243; fullwidth=&#8220;on&#8220; _builder_version=&#8220;4.27.4&#8243; _module_preset=&#8220;default&#8220; global_colors_info=&#8220;{}&#8220;][\/et_pb_gallery][\/et_pb_column][\/et_pb_row][\/et_pb_section]<\/p>\n<span class=\"et_bloom_bottom_trigger\"><\/span>","protected":false},"excerpt":{"rendered":"<p>Was f\u00fcr ein Konzert! Unser Auftritt in der Friedenskirche am 8. Dezember bei einer gut gef\u00fcllten Kirche war sehr gelungen. Mit viel Gef\u00fchl und guter Stimmung (im wahrsten Sinne des Wortes) haben wir ein sehr abwechslungsreiches Repertoire pr\u00e4sentiert. Belohnt wurden wir mit der Forderung des Publikums nach mehreren Zugaben und mit stehendem Applaus. Originalton unseres [&hellip;]<\/p>\n","protected":false},"author":1,"featured_media":0,"parent":0,"menu_order":0,"comment_status":"closed","ping_status":"closed","template":"","meta":{"_et_pb_use_builder":"on","_et_pb_old_content":"","_et_gb_content_width":"","footnotes":""},"class_list":["post-345","page","type-page","status-publish","hentry"],"_links":{"self":[{"href":"https:\/\/www.gospel-chorisma.de\/index.php?rest_route=\/wp\/v2\/pages\/345"}],"collection":[{"href":"https:\/\/www.gospel-chorisma.de\/index.php?rest_route=\/wp\/v2\/pages"}],"about":[{"href":"https:\/\/www.gospel-chorisma.de\/index.php?rest_route=\/wp\/v2\/types\/page"}],"author":[{"embeddable":true,"href":"https:\/\/www.gospel-chorisma.de\/index.php?rest_route=\/wp\/v2\/users\/1"}],"replies":[{"embeddable":true,"href":"https:\/\/www.gospel-chorisma.de\/index.php?rest_route=%2Fwp%2Fv2%2Fcomments&post=345"}],"version-history":[{"count":12,"href":"https:\/\/www.gospel-chorisma.de\/index.php?rest_route=\/wp\/v2\/pages\/345\/revisions"}],"predecessor-version":[{"id":380,"href":"https:\/\/www.gospel-chorisma.de\/index.php?rest_route=\/wp\/v2\/pages\/345\/revisions\/380"}],"wp:attachment":[{"href":"https:\/\/www.gospel-chorisma.de\/index.php?rest_route=%2Fwp%2Fv2%2Fmedia&parent=345"}],"curies":[{"name":"wp","href":"https:\/\/api.w.org\/{rel}","templated":true}]}}