{"id":161,"date":"2024-05-11T09:32:09","date_gmt":"2024-05-11T09:32:09","guid":{"rendered":"https:\/\/www.gospel-chorisma.de\/?page_id=161"},"modified":"2024-05-11T09:53:41","modified_gmt":"2024-05-11T09:53:41","slug":"deine-nachricht-neu","status":"publish","type":"page","link":"https:\/\/www.gospel-chorisma.de\/?page_id=161","title":{"rendered":"Deine Nachricht"},"content":{"rendered":"<p>[et_pb_section fb_built=&#8220;1&#8243; custom_padding_last_edited=&#8220;on|tablet&#8220; admin_label=&#8220;Header&#8220; _builder_version=&#8220;4.16&#8243; custom_margin=&#8220;||||false|false&#8220; custom_padding=&#8220;110px||180px||false|false&#8220; custom_padding_tablet=&#8220;50px||50px||true|false&#8220; custom_padding_phone=&#8220;&#8220; locked=&#8220;off&#8220; global_colors_info=&#8220;{}&#8220;][et_pb_row column_structure=&#8220;3_5,2_5&#8243; _builder_version=&#8220;4.25.1&#8243; z_index=&#8220;10&#8243; custom_padding=&#8220;0px||0px|||&#8220; locked=&#8220;off&#8220; global_colors_info=&#8220;{}&#8220;][et_pb_column type=&#8220;3_5&#8243; _builder_version=&#8220;4.25.1&#8243; background_color=&#8220;rgba(255,244,244,0.55)&#8220; z_index=&#8220;11&#8243; custom_padding=&#8220;50px|60px|50px||true|false&#8220; custom_padding_tablet=&#8220;0px|0px|||false|false&#8220; custom_padding_phone=&#8220;&#8220; custom_padding_last_edited=&#8220;on|phone&#8220; global_colors_info=&#8220;{}&#8220;][et_pb_text _builder_version=&#8220;4.25.1&#8243; text_font=&#8220;||||||||&#8220; text_font_size=&#8220;16px&#8220; text_line_height=&#8220;2em&#8220; header_font=&#8220;Bellefair||||||||&#8220; header_text_color=&#8220;#000000&#8243; header_font_size=&#8220;80px&#8220; header_line_height=&#8220;1.2em&#8220; header_2_font_size=&#8220;80px&#8220; header_3_font_size=&#8220;80px&#8220; header_4_font_size=&#8220;80px&#8220; header_5_font_size=&#8220;80px&#8220; header_6_font_size=&#8220;80px&#8220; background_color=&#8220;RGBA(255,255,255,0)&#8220; custom_margin=&#8220;||||false|false&#8220; text_font_size_tablet=&#8220;15px&#8220; text_font_size_phone=&#8220;14px&#8220; text_font_size_last_edited=&#8220;on|phone&#8220; header_font_size_tablet=&#8220;64px&#8220; header_font_size_phone=&#8220;40px&#8220; header_font_size_last_edited=&#8220;on|tablet&#8220; header_2_font_size_tablet=&#8220;64px&#8220; header_2_font_size_phone=&#8220;40px&#8220; header_2_font_size_last_edited=&#8220;on|phone&#8220; header_3_font_size_tablet=&#8220;64px&#8220; header_3_font_size_phone=&#8220;40px&#8220; header_3_font_size_last_edited=&#8220;on|phone&#8220; header_4_font_size_tablet=&#8220;64px&#8220; header_4_font_size_phone=&#8220;40px&#8220; header_4_font_size_last_edited=&#8220;on|phone&#8220; header_5_font_size_tablet=&#8220;64px&#8220; header_5_font_size_phone=&#8220;40px&#8220; header_5_font_size_last_edited=&#8220;on|phone&#8220; header_6_font_size_tablet=&#8220;64px&#8220; header_6_font_size_phone=&#8220;40px&#8220; header_6_font_size_last_edited=&#8220;on|phone&#8220; locked=&#8220;off&#8220; global_colors_info=&#8220;{}&#8220;]<\/p>\n<h1>M\u00f6chtest du mit uns singen?<\/h1>\n<p>Wir suchen engagierte S\u00e4ngerinnen und S\u00e4nger, die sich auch trauen, mal alleine oder zu zweit zu singen, denn: jede Stimme z\u00e4hlt.<\/p>\n<p>Ruf einfach unsere Vorsitzende Sabine Knabel an: <br \/>0151 20703870 oder sende uns ein Mail.<\/p>\n<p>[\/et_pb_text][et_pb_social_media_follow _builder_version=&#8220;4.25.1&#8243; global_colors_info=&#8220;{}&#8220;][et_pb_social_media_follow_network social_network=&#8220;instagram&#8220; icon_color=&#8220;#000000&#8243; _builder_version=&#8220;4.16&#8243; background_color=&#8220;rgba(0,0,0,0)&#8220; background_enable_color=&#8220;on&#8220; motion_trigger_start=&#8220;middle&#8220; global_colors_info=&#8220;{}&#8220; follow_button=&#8220;off&#8220; url_new_window=&#8220;on&#8220;]instagram[\/et_pb_social_media_follow_network][et_pb_social_media_follow_network social_network=&#8220;youtube&#8220; icon_color=&#8220;#000000&#8243; _builder_version=&#8220;4.16&#8243; background_color=&#8220;rgba(0,0,0,0)&#8220; background_enable_color=&#8220;on&#8220; motion_trigger_start=&#8220;middle&#8220; global_colors_info=&#8220;{}&#8220; follow_button=&#8220;off&#8220; url_new_window=&#8220;on&#8220;]youtube[\/et_pb_social_media_follow_network][\/et_pb_social_media_follow][et_pb_text _builder_version=&#8220;4.25.1&#8243; text_font=&#8220;Bellefair||||||||&#8220; text_text_color=&#8220;#000000&#8243; text_font_size=&#8220;30px&#8220; text_line_height=&#8220;1.6em&#8220; link_font=&#8220;Bellefair||||||||&#8220; link_text_color=&#8220;#000000&#8243; link_font_size=&#8220;25px&#8220; link_line_height=&#8220;1.6em&#8220; header_3_font=&#8220;Montserrat|600||on|||||&#8220; header_3_text_color=&#8220;#ff4e00&#8243; header_3_font_size=&#8220;14px&#8220; header_3_letter_spacing=&#8220;2px&#8220; header_3_line_height=&#8220;2em&#8220; max_width=&#8220;700px&#8220; module_alignment=&#8220;center&#8220; locked=&#8220;off&#8220; global_colors_info=&#8220;{}&#8220;]<\/p>\n<h3><span style=\"color: #ff0000;\">Email<\/span><\/h3>\n<p><a href=\"#\">kontakt@gospel-chorisma.de<\/a><\/p>\n<p>[\/et_pb_text][\/et_pb_column][et_pb_column type=&#8220;2_5&#8243; _builder_version=&#8220;4.16&#8243; z_index=&#8220;10&#8243; global_colors_info=&#8220;{}&#8220;][et_pb_divider show_divider=&#8220;off&#8220; _builder_version=&#8220;4.25.1&#8243; background_color=&#8220;RGBA(255,255,255,0)&#8220; transform_translate_linked=&#8220;off&#8220; positioning=&#8220;absolute&#8220; vertical_offset=&#8220;-60px&#8220; horizontal_offset=&#8220;-60px&#8220; vertical_offset_tablet=&#8220;-4vw&#8220; vertical_offset_phone=&#8220;-6vw&#8220; vertical_offset_last_edited=&#8220;off|desktop&#8220; horizontal_offset_tablet=&#8220;0px&#8220; horizontal_offset_phone=&#8220;&#8220; horizontal_offset_last_edited=&#8220;on|tablet&#8220; width=&#8220;375px&#8220; height=&#8220;400px&#8220; custom_margin=&#8220;|||-100px|false|false&#8220; custom_margin_tablet=&#8220;|||-20px|false|false&#8220; custom_margin_phone=&#8220;&#8220; custom_margin_last_edited=&#8220;on|tablet&#8220; scroll_vertical_motion_enable=&#8220;on&#8220; scroll_vertical_motion=&#8220;0|70|70|100|1|0|-1&#8243; border_width_all=&#8220;2px&#8220; border_color_all=&#8220;#E02B20&#8243; global_colors_info=&#8220;{}&#8220;][\/et_pb_divider][et_pb_divider show_divider=&#8220;off&#8220; _builder_version=&#8220;4.16&#8243; positioning=&#8220;absolute&#8220; position_origin_a=&#8220;bottom_right&#8220; vertical_offset=&#8220;-60px&#8220; horizontal_offset=&#8220;-20px&#8220; vertical_offset_tablet=&#8220;&#8220; vertical_offset_phone=&#8220;&#8220; vertical_offset_last_edited=&#8220;on|phone&#8220; horizontal_offset_tablet=&#8220;-4vw&#8220; horizontal_offset_phone=&#8220;-6vw&#8220; horizontal_offset_last_edited=&#8220;off|desktop&#8220; width=&#8220;375px&#8220; height=&#8220;400px&#8220; custom_margin=&#8220;||||false|false&#8220; scroll_vertical_motion_enable=&#8220;on&#8220; scroll_vertical_motion=&#8220;0|70|70|100|0|0|1&#8243; border_width_all=&#8220;16px&#8220; border_color_all=&#8220;rgba(0,0,0,0.06)&#8220; global_colors_info=&#8220;{}&#8220;][\/et_pb_divider][et_pb_image src=&#8220;http:\/\/www.gospel-chorisma.de\/wp-content\/uploads\/2024\/03\/sabine-martina.jpg&#8220; title_text=&#8220;sabine-martina&#8220; show_bottom_space=&#8220;off&#8220; _builder_version=&#8220;4.25.1&#8243; z_index=&#8220;1&#8243; custom_margin=&#8220;|||-72%|false|false&#8220; custom_margin_tablet=&#8220;|||0%|false|false&#8220; custom_margin_phone=&#8220;&#8220; custom_margin_last_edited=&#8220;on|tablet&#8220; scroll_vertical_motion_enable=&#8220;on&#8220; scroll_vertical_motion=&#8220;0|50|50|100|0|-0.5|-1&#8243; locked=&#8220;off&#8220; global_colors_info=&#8220;{}&#8220;][\/et_pb_image][\/et_pb_column][\/et_pb_row][\/et_pb_section][et_pb_section fb_built=&#8220;1&#8243; fullwidth=&#8220;on&#8220; admin_label=&#8220;Image&#8220; _builder_version=&#8220;4.16&#8243; global_colors_info=&#8220;{}&#8220;][et_pb_fullwidth_image src=&#8220;http:\/\/www.gospel-chorisma.de\/wp-content\/uploads\/2024\/03\/die-meisten.jpg&#8220; title_text=&#8220;die-meisten&#8220; admin_label=&#8220;Fullwidth Image&#8220; _builder_version=&#8220;4.25.1&#8243; global_colors_info=&#8220;{}&#8220;][\/et_pb_fullwidth_image][\/et_pb_section]<\/p>\n<span class=\"et_bloom_bottom_trigger\"><\/span>","protected":false},"excerpt":{"rendered":"<p>M\u00f6chtest du mit uns singen? Wir suchen engagierte S\u00e4ngerinnen und S\u00e4nger, die sich auch trauen, mal alleine oder zu zweit zu singen, denn: jede Stimme z\u00e4hlt. Ruf einfach unsere Vorsitzende Sabine Knabel an: 0151 20703870 oder sende uns ein Mail.Email kontakt@gospel-chorisma.de<\/p>\n","protected":false},"author":1,"featured_media":0,"parent":0,"menu_order":0,"comment_status":"closed","ping_status":"closed","template":"","meta":{"_et_pb_use_builder":"on","_et_pb_old_content":"","_et_gb_content_width":"","footnotes":""},"class_list":["post-161","page","type-page","status-publish","hentry"],"_links":{"self":[{"href":"https:\/\/www.gospel-chorisma.de\/index.php?rest_route=\/wp\/v2\/pages\/161"}],"collection":[{"href":"https:\/\/www.gospel-chorisma.de\/index.php?rest_route=\/wp\/v2\/pages"}],"about":[{"href":"https:\/\/www.gospel-chorisma.de\/index.php?rest_route=\/wp\/v2\/types\/page"}],"author":[{"embeddable":true,"href":"https:\/\/www.gospel-chorisma.de\/index.php?rest_route=\/wp\/v2\/users\/1"}],"replies":[{"embeddable":true,"href":"https:\/\/www.gospel-chorisma.de\/index.php?rest_route=%2Fwp%2Fv2%2Fcomments&post=161"}],"version-history":[{"count":9,"href":"https:\/\/www.gospel-chorisma.de\/index.php?rest_route=\/wp\/v2\/pages\/161\/revisions"}],"predecessor-version":[{"id":217,"href":"https:\/\/www.gospel-chorisma.de\/index.php?rest_route=\/wp\/v2\/pages\/161\/revisions\/217"}],"wp:attachment":[{"href":"https:\/\/www.gospel-chorisma.de\/index.php?rest_route=%2Fwp%2Fv2%2Fmedia&parent=161"}],"curies":[{"name":"wp","href":"https:\/\/api.w.org\/{rel}","templated":true}]}}