{"id":145,"date":"2024-05-11T09:04:28","date_gmt":"2024-05-11T09:04:28","guid":{"rendered":"https:\/\/www.gospel-chorisma.de\/?page_id=145"},"modified":"2024-05-11T09:04:52","modified_gmt":"2024-05-11T09:04:52","slug":"145-2","status":"publish","type":"page","link":"https:\/\/www.gospel-chorisma.de\/?page_id=145","title":{"rendered":"Impressum"},"content":{"rendered":"\n[et_pb_section fb_built=&#8220;1&#8243; theme_builder_area=&#8220;post_content&#8220; _builder_version=&#8220;4.25.1&#8243; _module_preset=&#8220;default&#8220;][et_pb_row _builder_version=&#8220;4.25.1&#8243; _module_preset=&#8220;default&#8220; theme_builder_area=&#8220;post_content&#8220;][et_pb_column _builder_version=&#8220;4.25.1&#8243; _module_preset=&#8220;default&#8220; type=&#8220;4_4&#8243; theme_builder_area=&#8220;post_content&#8220;][et_pb_text _builder_version=&#8220;4.25.1&#8243; _module_preset=&#8220;default&#8220; theme_builder_area=&#8220;post_content&#8220; hover_enabled=&#8220;0&#8243; sticky_enabled=&#8220;0&#8243;]<h2>Impressum<\/h2>\n<p><strong>CHORisma<\/strong><\/p>\n<p>Friedenskirche<br \/>79576 Weil am Rhein-Friedlingen<br \/>Karsth\u00f6lzle 5 <br \/>Telefon: 0151 20703870 (Sabine Knabel, Vorsitzende)<\/p>\n<p>kontakt@gospel-chorisma.de<\/p>\n<p><span class=\"impressum_titel\">Sitz:<br \/>Weil am Rhein Friedlingen<\/span><\/p>\n<p><span class=\"impressum_titel\">Inhaltlich Verantwortlich:<br \/>Chorisma<\/span><\/p>\n<p><span class=\"impressum_titel\">Nutzungsbedingungen<\/span><br \/>Eine Vervielf\u00e4ltigung oder Verwendung von auf dieser Seite ver\u00f6ffentlichten Grafiken oder Texten in anderen Publikationen ist ohne unsere ausdr\u00fcckliche Zustimmung nicht gestattet.<\/p>\n<p><span class=\"impressum_titel\">Haftungsausschluss<\/span><br \/>Trotz sorgf\u00e4ltiger inhaltlicher Kontrolle \u00fcbernehmen wir keine Haftung f\u00fcr die Inhalte externer Links. F\u00fcr den Inhalt der verlinkten Seiten sind ausschlie\u00dflich deren Betreiber verantwortlich.<\/p>\n<p><span class=\"impressum_titel\">Datenschutzhinweis<\/span><br \/>Den Datenschutzhinweis finden Sie auf einer eigenst\u00e4ndigen <a href=\"https:\/\/www.meinchor.de\/demochor\/datenschutz.htm\">Datenschutzseite<\/a>. Die Datenschutzseite ist ganz unten auf jeder Seite auch direkt verlinkt.<\/p>[\/et_pb_text][\/et_pb_column][\/et_pb_row][\/et_pb_section]\n<span class=\"et_bloom_bottom_trigger\"><\/span>","protected":false},"excerpt":{"rendered":"<p>Impressum CHORisma Friedenskirche79576 Weil am Rhein-FriedlingenKarsth\u00f6lzle 5 Telefon: 0151 20703870 (Sabine Knabel, Vorsitzende) kontakt@gospel-chorisma.de Sitz:Weil am Rhein Friedlingen Inhaltlich Verantwortlich:Chorisma NutzungsbedingungenEine Vervielf\u00e4ltigung oder Verwendung von auf dieser Seite ver\u00f6ffentlichten Grafiken oder Texten in anderen Publikationen ist ohne unsere ausdr\u00fcckliche Zustimmung nicht gestattet. HaftungsausschlussTrotz sorgf\u00e4ltiger inhaltlicher Kontrolle \u00fcbernehmen wir keine Haftung f\u00fcr die Inhalte externer Links. [&hellip;]<\/p>\n","protected":false},"author":1,"featured_media":0,"parent":0,"menu_order":0,"comment_status":"closed","ping_status":"closed","template":"","meta":{"_et_pb_use_builder":"on","_et_pb_old_content":"","_et_gb_content_width":"","footnotes":""},"class_list":["post-145","page","type-page","status-publish","hentry"],"_links":{"self":[{"href":"https:\/\/www.gospel-chorisma.de\/index.php?rest_route=\/wp\/v2\/pages\/145"}],"collection":[{"href":"https:\/\/www.gospel-chorisma.de\/index.php?rest_route=\/wp\/v2\/pages"}],"about":[{"href":"https:\/\/www.gospel-chorisma.de\/index.php?rest_route=\/wp\/v2\/types\/page"}],"author":[{"embeddable":true,"href":"https:\/\/www.gospel-chorisma.de\/index.php?rest_route=\/wp\/v2\/users\/1"}],"replies":[{"embeddable":true,"href":"https:\/\/www.gospel-chorisma.de\/index.php?rest_route=%2Fwp%2Fv2%2Fcomments&post=145"}],"version-history":[{"count":3,"href":"https:\/\/www.gospel-chorisma.de\/index.php?rest_route=\/wp\/v2\/pages\/145\/revisions"}],"predecessor-version":[{"id":149,"href":"https:\/\/www.gospel-chorisma.de\/index.php?rest_route=\/wp\/v2\/pages\/145\/revisions\/149"}],"wp:attachment":[{"href":"https:\/\/www.gospel-chorisma.de\/index.php?rest_route=%2Fwp%2Fv2%2Fmedia&parent=145"}],"curies":[{"name":"wp","href":"https:\/\/api.w.org\/{rel}","templated":true}]}}